{"id":3965,"date":"2016-02-02T11:55:21","date_gmt":"2016-02-02T11:55:21","guid":{"rendered":"http:\/\/democontent.codex-themes.com\/thegem-hotels\/?page_id=3965"},"modified":"2026-03-20T10:49:57","modified_gmt":"2026-03-20T10:49:57","slug":"tarifas","status":"publish","type":"page","link":"https:\/\/cuevasruraleseldescanso.es\/?page_id=3965","title":{"rendered":"Tarifas"},"content":{"rendered":"<section class=\"wpb-content-wrapper\"><p>[vc_row][vc_column]<div id=\"custom-header-6a00691b3668e\" class=\"custom-header gem-custom-header-icon-position-right   fullwidth-block clearfix\" style=\"background-color: #f29766;background-repeat: no-repeat; background-size: cover;\"><script type=\"text\/javascript\">if (typeof(gem_fix_fullwidth_position) == \"function\") { gem_fix_fullwidth_position(document.getElementById(\"custom-header-6a00691b3668e\")); }<\/script><div class=\"container\"><div class=\"gem-icon gem-icon-pack-material gem-icon-size-xlarge  gem-icon-shape-none gem-simple-icon\" style=\"opacity:1;\"><div class=\"gem-icon-inner\" style=\"\"><span class=\"gem-icon-half-1\" style=\"color: #ffffff;\"><span class=\"back-angle\">&#xf32d;<\/span><\/span><span class=\"gem-icon-half-2\" style=\"color: #ffffff;\"><span class=\"back-angle\">&#xf32d;<\/span><\/span><\/div><\/div>\n\t\t\t<div class=\"gem-custom-header-conteiner\"><div style=\"margin-top:10px;\" class=\"custom-header-title\"><span style=\" max-width:900px;\"><\/p>\n<h1><span style=\"color: #e8ff8a;\">Tarifas<\/span><\/h1>\n<p><\/span><\/div><div class=\"custom-header-subtitle styled-subtitle\" style=\"padding-bottom:125px;\"><span class=\"light\" style=\"max-width:900px; color:#ffffff; \">Cuevas Rurales El ``DESCANSO`` le ofrece tarifas econ\u00f3micas durante todo el a\u00f1o<\/span><\/div><div class=\"breadcrumbs\"><span><a href=\"https:\/\/cuevasruraleseldescanso.es\/\" itemprop=\"url\"><span itemprop=\"title\">Home<\/span><\/a><\/span><\/div><!-- .breadcrumbs --><\/div><\/div><\/div>[\/vc_column][\/vc_row][vc_row][vc_column]<div class=\"clearboth\"><\/div><style>#thegem-divider-6a00691b3694b {margin-top: 40px !important;}<\/style><div id=\"thegem-divider-6a00691b3694b\" class=\"gem-divider  \" style=\"\" ><\/div>[vc_column_text]<\/p>\n<h2 style=\"text-align: center;\">Ofertas\u00a0<span class=\"light\">de \u00faltima hora\u00a0<\/span><\/h2>\n<p>[\/vc_column_text]<div class=\"clearboth\"><\/div><style>#thegem-divider-6a00691b36ad1 {margin-top: 40px !important;}<\/style><div id=\"thegem-divider-6a00691b36ad1\" class=\"gem-divider  \" style=\"\" ><\/div>[\/vc_column][\/vc_row][vc_row][vc_column][vc_column_text]<\/p>\n<h2 style=\"text-align: center;\"><span class=\"light\">\u00a0Tarifas <strong>2026<\/strong><\/span><\/h2>\n<p>[\/vc_column_text]<div class=\"gem-table gem-table-responsive gem-table-style-2\"><div align=\"center\">\n<table style=\"width: 525px; height: 682px;\">\n<thead>\n<tr>\n<th style=\"background-color: #ffde97;\">\n<h6>PERSONAS<\/h6>\n<\/th>\n<th style=\"background-color: #e4f4a5;\">\n<h6>1 D\u00cdA<\/h6>\n<\/th>\n<th style=\"background-color: #a3e7f0;\">\n<h6>1 SEMANA<\/h6>\n<\/th>\n<\/tr>\n<\/thead>\n<tbody>\n<tr>\n<td style=\"text-align: center;\">2<\/td>\n<td style=\"text-align: center;\">70\u20ac<\/td>\n<td style=\"text-align: center;\">420\u20ac<\/td>\n<\/tr>\n<tr>\n<td style=\"text-align: center;\">3<\/td>\n<td style=\"text-align: center;\">100\u20ac<\/td>\n<td style=\"text-align: center;\">600\u20ac<\/td>\n<\/tr>\n<tr>\n<td style=\"text-align: center;\">4<\/td>\n<td style=\"text-align: center;\"><span style=\"color: #000000;\">130\u20ac<\/span><\/td>\n<td style=\"text-align: center;\">780\u20ac<\/td>\n<\/tr>\n<tr>\n<td style=\"text-align: center;\">5<\/td>\n<td style=\"text-align: center;\">150\u20ac<\/td>\n<td style=\"text-align: center;\">900\u20ac<\/td>\n<\/tr>\n<tr>\n<td style=\"text-align: center;\">6<\/td>\n<td style=\"text-align: center;\">170\u20ac<\/td>\n<td style=\"text-align: center;\">1.020\u20ac<\/td>\n<\/tr>\n<tr>\n<td style=\"text-align: center;\">7<\/td>\n<td style=\"text-align: center;\">180\u20ac<\/td>\n<td style=\"text-align: center;\">1.080\u20ac<\/td>\n<\/tr>\n<tr>\n<td style=\"text-align: center;\">8<\/td>\n<td style=\"text-align: center;\">190\u20ac<\/td>\n<td style=\"text-align: center;\">1.140\u20ac<\/td>\n<\/tr>\n<tr>\n<td style=\"text-align: center;\">9<\/td>\n<td style=\"text-align: center;\">210\u20ac<\/td>\n<td style=\"text-align: center;\">1.260\u20ac<\/td>\n<\/tr>\n<tr>\n<td style=\"text-align: center;\">10<\/td>\n<td style=\"text-align: center;\">220\u20ac<\/td>\n<td style=\"text-align: center;\">1.320\u20ac<\/td>\n<\/tr>\n<\/tbody>\n<\/table>\n<\/div>\n<\/div>[\/vc_column][\/vc_row][vc_row][vc_column][vc_column_text]<\/p>\n<h5 style=\"text-align: center;\"><span style=\"color: #ff0000;\">\u00a1Noche vieja!<\/span>\u00a0&#8211; <span style=\"color: #ff0000;\">\u00a1Navidad!<\/span> Precio consultar al tel\u00e9fono\u00a0<strong>652 93 52 50 \u00f3 958 11 74 97<\/strong><\/h5>\n<p>[\/vc_column_text][\/vc_column][\/vc_row][vc_row][vc_column width=&#8221;1\/2&#8243;][vc_column_text]<\/p>\n<h3>Informaci\u00f3n adicional<\/h3>\n<p>En el momento de la reserva, efectuar\u00e1 un dep\u00f3sito equivalente al importe de la primera noche. La reserva ser\u00e1 confirmada a la recepci\u00f3n del comprobante del dep\u00f3sito. Si necesita cancelar o cambiar la reserva, le rogamos nos avise lo antes posible, le devolveremos el importe del dep\u00f3sito lo antes posible. La casa est\u00e1 disponible a partir de las 15:00 horas el d\u00eda de llegada y deber\u00e1 quedar libre a las 12:00 horas el d\u00eda de salida.[\/vc_column_text][vc_column_text]<\/p>\n<h3>Reservas por tel\u00e9fono<\/h3>\n<p>Hacer una reserva no podr\u00eda ser m\u00e1s f\u00e1cil. Ll\u00e1menos preferentemente al tel\u00e9fono: <strong>652 93 52 50<\/strong> o al <strong>958 11 74 97<\/strong>[\/vc_column_text][\/vc_column][vc_column width=&#8221;1\/2&#8243;][vc_column_text]<\/p>\n<h3><span style=\"color: #ff0000;\">IMPORTANTE<\/span><\/h3>\n<p>[\/vc_column_text][vc_column_text]<\/p>\n<ul>\n<li>Este precio es con un m\u00ednimo de dos noches.<\/li>\n<li>De 10 a 15 personas a 20\u20ac por noche para la misma casa.<\/li>\n<li>Cueva A hasta 9 personas.<\/li>\n<li>Cueva B de 12 a 15 personas.<\/li>\n<li>Cueva C de 6 a 10 personas.<\/li>\n<li>Para menos de 2 noches se incrementar\u00e1 un 50% la tarifa.<\/li>\n<li>Ni\u00f1os menores de 3 a\u00f1os . Gratis<\/li>\n<li>Camas y cunas supletorias 10\u20ac.<\/li>\n<li>Carretilla de le\u00f1a 6\u20ac. El IVA no esta incluido en las tarifas<\/li>\n<\/ul>\n<p>[\/vc_column_text]<div class=\"gem-textbox \"  ><div class=\"gem-textbox-inner\" style=\"\"><div class=\"gem-textbox-content\" style=\"background-color: #f4f6f7;background-position: center top;\"><div class=\"gem-alert-box\"><div class=\"gem-alert-inner\"><div class=\"gem-alert-box-picture\"><div class=\"gem-icon gem-icon-pack-material gem-icon-size-small  gem-icon-shape-square gem-simple-icon\"  style=\"opacity: 1;\"><div class=\"gem-icon-inner\" style=\"\"><span class=\"gem-icon-half-1\" style=\"color: #f29766;\"><span class=\"back-angle\">&#xf287;<\/span><\/span><span class=\"gem-icon-half-2\" style=\"color: #f29766;\"><span class=\"back-angle\">&#xf287;<\/span><\/span><\/div><\/div><\/div><div class=\"gem-alert-box-content\"><\/div><div class=\"gem-alert-box-buttons\"><div class=\"gem-button-container gem-button-position-center thegem-button-6a00691b36ca88242    \"  ><a class=\"gem-button gem-button-size-medium gem-button-style-outline gem-button-text-weight-thin gem-button-border-2 gem-button-icon-position-left\" data-ll-effect=\"drop-right-without-wrap\" style=\"border-radius: 3px;\" onmouseleave=\"\" onmouseenter=\"\" href=\"\/contacto\" target=\"_self\"><i class=\"gem-print-icon gem-icon-pack-elegant \">&#x6a;<\/i>Reservar ahora<\/a><\/div> <\/div><\/div><\/div><\/div><\/div><\/div>[\/vc_column][\/vc_row]<\/p>\n<\/section>","protected":false},"excerpt":{"rendered":"<p>[vc_row][vc_column][\/vc_column][\/vc_row][vc_row][vc_column][vc_column_text] Ofertas\u00a0de \u00faltima hora\u00a0 [\/vc_column_text][\/vc_column][\/vc_row][vc_row][vc_column][vc_column_text] \u00a0Tarifas 2026 [\/vc_column_text][\/vc_column][\/vc_row][vc_row][vc_column][vc_column_text] \u00a1Noche vieja!\u00a0&#8211; \u00a1Navidad! Precio consultar al tel\u00e9fono\u00a0652 93 52 50 \u00f3 958&#8230;<\/p>\n","protected":false},"author":1,"featured_media":0,"parent":0,"menu_order":10,"comment_status":"closed","ping_status":"closed","template":"","meta":[],"_links":{"self":[{"href":"https:\/\/cuevasruraleseldescanso.es\/index.php?rest_route=\/wp\/v2\/pages\/3965"}],"collection":[{"href":"https:\/\/cuevasruraleseldescanso.es\/index.php?rest_route=\/wp\/v2\/pages"}],"about":[{"href":"https:\/\/cuevasruraleseldescanso.es\/index.php?rest_route=\/wp\/v2\/types\/page"}],"author":[{"embeddable":true,"href":"https:\/\/cuevasruraleseldescanso.es\/index.php?rest_route=\/wp\/v2\/users\/1"}],"replies":[{"embeddable":true,"href":"https:\/\/cuevasruraleseldescanso.es\/index.php?rest_route=%2Fwp%2Fv2%2Fcomments&post=3965"}],"version-history":[{"count":22,"href":"https:\/\/cuevasruraleseldescanso.es\/index.php?rest_route=\/wp\/v2\/pages\/3965\/revisions"}],"predecessor-version":[{"id":29044,"href":"https:\/\/cuevasruraleseldescanso.es\/index.php?rest_route=\/wp\/v2\/pages\/3965\/revisions\/29044"}],"wp:attachment":[{"href":"https:\/\/cuevasruraleseldescanso.es\/index.php?rest_route=%2Fwp%2Fv2%2Fmedia&parent=3965"}],"curies":[{"name":"wp","href":"https:\/\/api.w.org\/{rel}","templated":true}]}}