{"id":4651,"date":"2016-02-05T07:17:04","date_gmt":"2016-02-05T07:17:04","guid":{"rendered":"http:\/\/democontent.codex-themes.com\/thegem-hotels\/?page_id=4651"},"modified":"2016-02-05T07:17:04","modified_gmt":"2016-02-05T07:17:04","slug":"videos","status":"publish","type":"page","link":"https:\/\/cuevasruraleseldescanso.es\/?page_id=4651","title":{"rendered":"Videos"},"content":{"rendered":"<section class=\"wpb-content-wrapper\"><p>[vc_row full_width=&#8221;stretch_row_content&#8221; equal_height=&#8221;yes&#8221; css=&#8221;.vc_custom_1514460447965{margin-bottom: 0px !important;padding-top: 50px !important;background-color: #f1f3f2 !important;}&#8221;][vc_column offset=&#8221;vc_col-lg-6 vc_col-md-12&#8243; css=&#8221;.vc_custom_1455108907453{margin-bottom: -8px !important;padding-right: 0px !important;padding-left: 0px !important;}&#8221;]<div class=\"gem-youtube gem-wrapbox gem-wrapbox-style-no-style rounded-corners gem-wrapbox-position-below\" style=\"width: 100%;\"><div class=\"gem-wrapbox-inner gem-ratio-style\" style=\"padding-top: 56.25%\"><iframe class=\"gem-wrapbox-element img-responsive\" width=\"100%\" height=\"300\" allowfullscreen=\"allowfullscreen\" frameborder=\"0\" scrolling=\"no\" marginheight=\"0\" marginwidth=\"0\" src=\"\/\/www.youtube.com\/embed\/PnqVyiIw7So?rel=0&amp;wmode=opaque\"><\/iframe><\/div><\/div>[\/vc_column][vc_column css=&#8221;.vc_custom_1514460306474{padding-top: 20px !important;padding-right: 50px !important;padding-bottom: 6px !important;padding-left: 50px !important;}&#8221; offset=&#8221;vc_col-lg-6 vc_col-md-12&#8243;][vc_column_text]<\/p>\n<div class=\"title-h3\" style=\"text-align: center;\"><span class=\"light\">ESTE ES MI PUEBLO HUNEJA &#8211; GRANDA<\/span><\/div>\n<p>[\/vc_column_text][vc_column_text]<\/p>\n<div style=\"text-align: center;\">\n<p>\u00a1Aqu\u00ed os dejamos la aparici\u00f3n de Cuevas el Descanso Granada en el programa Este es mi pueblo de Canal Sur!No os lo perd\u00e1is y conoced el encanto de #Huertezuela #Hueneja.<\/p>\n<p>www.cuevasruraleseldescanso.es<br \/>\nTel\u00e9fono: 652 93 52 50<br \/>\ncuevaseldescanso@hotmail.com<br \/>\n#Casascueva #CuevaselDescanso #Granada #HotelCueva #VacacionesenCuevas<\/p>\n<\/div>\n<p>[\/vc_column_text]<div data-number-format=\"(ddd).ddd\" class=\"gem-counter-box row inline-row inline-row-center gem-counter-style-1 lazy-loading lazy-loading-not-hide\" ><div class=\"gem-counter col-md-4 col-sm-6 col-xs-12 inline-column gem-counter-effect-border-reverse\" ><div class=\"gem-counter-inner\"><div class=\"gem-counter-icon\"><div class=\"gem-icon gem-icon-pack-material gem-icon-size-small  gem-icon-shape-circle\"  style=\"border-color: #7b726d;opacity: 1;\"><div class=\"gem-icon-inner\" style=\"\"><span class=\"gem-icon-half-1\" style=\"color: #7b726d;\"><span class=\"back-angle\">&#xf37b;<\/span><\/span><span class=\"gem-icon-half-2\" style=\"color: #7b726d;\"><span class=\"back-angle\">&#xf37b;<\/span><\/span><\/div><\/div><\/div><div class=\"gem-counter-number\" style=\"color: #7b726d\"><div class=\"gem-counter-odometer\" data-to=\"3120\">0<\/div><\/div><div class=\"gem-counter-text styled-subtitle\" style=\"color: #3c3950\">Me gusta<\/div><\/div><\/div><div class=\"gem-counter col-md-4 col-sm-6 col-xs-12 inline-column gem-counter-effect-border-reverse\" ><div class=\"gem-counter-inner\"><div class=\"gem-counter-icon\"><div class=\"gem-icon gem-icon-pack-material gem-icon-size-small  gem-icon-shape-circle\"  style=\"border-color: #ab8e70;opacity: 1;\"><div class=\"gem-icon-inner\" style=\"\"><span class=\"gem-icon-half-1\" style=\"color: #ab8e70;\"><span class=\"back-angle\">&#xf316;<\/span><\/span><span class=\"gem-icon-half-2\" style=\"color: #ab8e70;\"><span class=\"back-angle\">&#xf316;<\/span><\/span><\/div><\/div><\/div><div class=\"gem-counter-number\" style=\"color: #ab8e70\"><div class=\"gem-counter-odometer\" data-to=\"85\">0<\/div><\/div><div class=\"gem-counter-text styled-subtitle\" style=\"color: #3c3950\">Reproducciones<\/div><\/div><\/div><div class=\"gem-counter col-md-4 col-sm-6 col-xs-12 inline-column gem-counter-effect-border-reverse\" ><div class=\"gem-counter-inner\"><div class=\"gem-counter-icon\"><div class=\"gem-icon gem-icon-pack-material gem-icon-size-small  gem-icon-shape-circle\"  style=\"border-color: #d7ad61;opacity: 1;\"><div class=\"gem-icon-inner\" style=\"\"><span class=\"gem-icon-half-1\" style=\"color: #d7ad61;\"><span class=\"back-angle\">&#xf524;<\/span><\/span><span class=\"gem-icon-half-2\" style=\"color: #d7ad61;\"><span class=\"back-angle\">&#xf524;<\/span><\/span><\/div><\/div><\/div><div class=\"gem-counter-number\" style=\"color: #d7ad61\"><div class=\"gem-counter-odometer\" data-to=\"25\">0<\/div><\/div><div class=\"gem-counter-text styled-subtitle\" style=\"color: #3c3950\">Compartido<\/div><\/div><\/div><\/div>[\/vc_column][\/vc_row][vc_row full_width=&#8221;stretch_row_content&#8221; equal_height=&#8221;yes&#8221; css=&#8221;.vc_custom_1514460495585{margin-bottom: 0px !important;padding-top: 90px !important;}&#8221;][vc_column offset=&#8221;vc_col-lg-6 vc_col-md-12&#8243; css=&#8221;.vc_custom_1455108907453{margin-bottom: -8px !important;padding-right: 0px !important;padding-left: 0px !important;}&#8221;]<div class=\"gem-youtube gem-wrapbox gem-wrapbox-style-no-style rounded-corners gem-wrapbox-position-below\" style=\"width: 100%;\"><div class=\"gem-wrapbox-inner gem-ratio-style\" style=\"padding-top: 56.25%\"><iframe class=\"gem-wrapbox-element img-responsive\" width=\"100%\" height=\"300\" allowfullscreen=\"allowfullscreen\" frameborder=\"0\" scrolling=\"no\" marginheight=\"0\" marginwidth=\"0\" src=\"\/\/www.youtube.com\/embed\/dfeu4J5_mXA?rel=0&amp;wmode=opaque\"><\/iframe><\/div><\/div>[\/vc_column][vc_column css=&#8221;.vc_custom_1514460314516{padding-top: 20px !important;padding-right: 50px !important;padding-bottom: 6px !important;padding-left: 50px !important;}&#8221; offset=&#8221;vc_col-lg-6 vc_col-md-12&#8243;][vc_column_text]<\/p>\n<div class=\"title-h3\" style=\"text-align: center;\"><span class=\"light\">CUEVAS RURALES EL DESCANSO<\/span><\/div>\n<p>[\/vc_column_text][vc_column_text]<\/p>\n<div style=\"text-align: center;\">Nuestra cueva rural se encuentra en las afueras de la Huertezuela en plena Naturaleza, a los pies del Parque Natural de Sierra Nevada. Cuevas el Descanso est\u00e1n decoradas con materiales artesanales rurales, tales como: piedra, madera y barro. El complejo rural, consta de 3 c\u00f3modas cuevas, totalmente equipadas y amuebladas para que su estancia sea c\u00f3moda y agradable.<\/div>\n<p>[\/vc_column_text]<div data-number-format=\"(ddd).ddd\" class=\"gem-counter-box row inline-row inline-row-center gem-counter-style-1 lazy-loading lazy-loading-not-hide\" ><div class=\"gem-counter col-md-4 col-sm-6 col-xs-12 inline-column gem-counter-effect-border-reverse\" ><div class=\"gem-counter-inner\"><div class=\"gem-counter-icon\"><div class=\"gem-icon gem-icon-pack-material gem-icon-size-small  gem-icon-shape-circle\"  style=\"border-color: #7b726d;opacity: 1;\"><div class=\"gem-icon-inner\" style=\"\"><span class=\"gem-icon-half-1\" style=\"color: #7b726d;\"><span class=\"back-angle\">&#xf37b;<\/span><\/span><span class=\"gem-icon-half-2\" style=\"color: #7b726d;\"><span class=\"back-angle\">&#xf37b;<\/span><\/span><\/div><\/div><\/div><div class=\"gem-counter-number\" style=\"color: #7b726d\"><div class=\"gem-counter-odometer\" data-to=\"3120\">0<\/div><\/div><div class=\"gem-counter-text styled-subtitle\" style=\"color: #3c3950\">Me gusta<\/div><\/div><\/div><div class=\"gem-counter col-md-4 col-sm-6 col-xs-12 inline-column gem-counter-effect-border-reverse\" ><div class=\"gem-counter-inner\"><div class=\"gem-counter-icon\"><div class=\"gem-icon gem-icon-pack-material gem-icon-size-small  gem-icon-shape-circle\"  style=\"border-color: #ab8e70;opacity: 1;\"><div class=\"gem-icon-inner\" style=\"\"><span class=\"gem-icon-half-1\" style=\"color: #ab8e70;\"><span class=\"back-angle\">&#xf316;<\/span><\/span><span class=\"gem-icon-half-2\" style=\"color: #ab8e70;\"><span class=\"back-angle\">&#xf316;<\/span><\/span><\/div><\/div><\/div><div class=\"gem-counter-number\" style=\"color: #ab8e70\"><div class=\"gem-counter-odometer\" data-to=\"85\">0<\/div><\/div><div class=\"gem-counter-text styled-subtitle\" style=\"color: #3c3950\">Reproducciones<\/div><\/div><\/div><div class=\"gem-counter col-md-4 col-sm-6 col-xs-12 inline-column gem-counter-effect-border-reverse\" ><div class=\"gem-counter-inner\"><div class=\"gem-counter-icon\"><div class=\"gem-icon gem-icon-pack-material gem-icon-size-small  gem-icon-shape-circle\"  style=\"border-color: #d7ad61;opacity: 1;\"><div class=\"gem-icon-inner\" style=\"\"><span class=\"gem-icon-half-1\" style=\"color: #d7ad61;\"><span class=\"back-angle\">&#xf524;<\/span><\/span><span class=\"gem-icon-half-2\" style=\"color: #d7ad61;\"><span class=\"back-angle\">&#xf524;<\/span><\/span><\/div><\/div><\/div><div class=\"gem-counter-number\" style=\"color: #d7ad61\"><div class=\"gem-counter-odometer\" data-to=\"25\">0<\/div><\/div><div class=\"gem-counter-text styled-subtitle\" style=\"color: #3c3950\">Compartido<\/div><\/div><\/div><\/div>[\/vc_column][\/vc_row][vc_row full_width=&#8221;stretch_row_content&#8221; equal_height=&#8221;yes&#8221; css=&#8221;.vc_custom_1454746554989{margin-bottom: 0px !important;}&#8221;][vc_column css=&#8221;.vc_custom_1455102832564{padding-top: 100px !important;padding-bottom: 100px !important;background-color: #212330 !important;}&#8221; offset=&#8221;vc_col-lg-6 vc_col-md-12&#8243;]<div class=\"preloader\"><div class=\"preloader-spin\"><\/div><\/div><div class=\"size-medium style1 gem-testimonials\" style=background-color:> <div id=\"post-23833\" class=\"gem-testimonial-item post-23833 thegem_testimonial type-thegem_testimonial status-publish has-post-thumbnail\"> <div class=\"gem-testimonial-wrapper \"> <div class=\"gem-testimonial-image\"> <\/div> <div class=\"gem-testimonial-content\"> <div class=\"gem-testimonial-name\" >Miguel Fernando Jim\u00e9nez Galeote<\/div> <div class=\"gem-testimonial-position\" >Marketing Manager<\/div> <div class=\"gem-testimonial-text\" > <p>Bastante equipadas, bien acondicionadas y comodas, tienen lo necesario para pasar un buen fin de semana, las camas est\u00e1n bien, son suficientemente c\u00f3modas, la chimenea es amplia y calienta la casa.<\/p> <\/div> <\/div> <\/div> <\/div> <div class=\"testimonials_svg\"><svg style=\"fill: \" width=\"100\" height=\"50\"><path d=\"M 0,-1 Q 45,5 50,50 Q 55,5 100,-1\" \/><\/svg><\/div><\/div>[\/vc_column][vc_column css=&#8221;.vc_custom_1501490749633{padding-right: 0px !important;padding-left: 0px !important;background-image: url(http:\/\/s691493939.mialojamiento.es\/wp-content\/uploads\/2017\/07\/img_5190480x320-1.jpg?id=28892) !important;background-position: center !important;background-repeat: no-repeat !important;background-size: cover !important;}&#8221; offset=&#8221;vc_col-lg-6 vc_col-md-12&#8243;][\/vc_column][\/vc_row][vc_row full_width=&#8221;stretch_row_content_no_spaces&#8221; css=&#8221;.vc_custom_1454745390109{margin-top: 0px !important;margin-bottom: 0px !important;}&#8221;][vc_column css=&#8221;.vc_custom_1454745509259{margin-top: 0px !important;}&#8221;]<style>.portfolio.portfolio-grid[data-style-uid=\"3a365ce\"] .portfolio-item { padding: 0px; }.portfolio.portfolio-grid[data-style-uid=\"3a365ce\"] .row { margin: 0; }.portfolio.portfolio-grid[data-style-uid=\"3a365ce\"] .row { padding-left: 0px; }.portfolio.portfolio-grid[data-style-uid=\"3a365ce\"] .row { padding-right: 0px; }.portfolio.portfolio-grid[data-style-uid=\"3a365ce\"] .portfolio-item .caption .title span { letter-spacing: px !important; }<\/style> <div data-page=\"1\" data-next-page=\"\"><\/div>[\/vc_column][\/vc_row]<\/p>\n<\/section>","protected":false},"excerpt":{"rendered":"<p>[vc_row full_width=&#8221;stretch_row_content&#8221; equal_height=&#8221;yes&#8221; css=&#8221;.vc_custom_1514460447965{margin-bottom: 0px !important;padding-top: 50px !important;background-color: #f1f3f2 !important;}&#8221;][vc_column offset=&#8221;vc_col-lg-6 vc_col-md-12&#8243; css=&#8221;.vc_custom_1455108907453{margin-bottom: -8px !important;padding-right: 0px !important;padding-left: 0px !important;}&#8221;][\/vc_column][vc_column css=&#8221;.vc_custom_1514460306474{padding-top:&#8230;<\/p>\n","protected":false},"author":1,"featured_media":0,"parent":0,"menu_order":0,"comment_status":"closed","ping_status":"closed","template":"","meta":[],"_links":{"self":[{"href":"https:\/\/cuevasruraleseldescanso.es\/index.php?rest_route=\/wp\/v2\/pages\/4651"}],"collection":[{"href":"https:\/\/cuevasruraleseldescanso.es\/index.php?rest_route=\/wp\/v2\/pages"}],"about":[{"href":"https:\/\/cuevasruraleseldescanso.es\/index.php?rest_route=\/wp\/v2\/types\/page"}],"author":[{"embeddable":true,"href":"https:\/\/cuevasruraleseldescanso.es\/index.php?rest_route=\/wp\/v2\/users\/1"}],"replies":[{"embeddable":true,"href":"https:\/\/cuevasruraleseldescanso.es\/index.php?rest_route=%2Fwp%2Fv2%2Fcomments&post=4651"}],"version-history":[{"count":0,"href":"https:\/\/cuevasruraleseldescanso.es\/index.php?rest_route=\/wp\/v2\/pages\/4651\/revisions"}],"wp:attachment":[{"href":"https:\/\/cuevasruraleseldescanso.es\/index.php?rest_route=%2Fwp%2Fv2%2Fmedia&parent=4651"}],"curies":[{"name":"wp","href":"https:\/\/api.w.org\/{rel}","templated":true}]}}