{"id":7952,"date":"2016-02-26T09:23:10","date_gmt":"2016-02-26T09:23:10","guid":{"rendered":"http:\/\/democontent.codex-themes.com\/thegem-hotels\/?page_id=7952"},"modified":"2023-02-08T12:13:26","modified_gmt":"2023-02-08T12:13:26","slug":"alojamiento","status":"publish","type":"page","link":"https:\/\/cuevasruraleseldescanso.es\/?page_id=7952","title":{"rendered":"Alojamiento El Descanso"},"content":{"rendered":"<section class=\"wpb-content-wrapper\"><p>[vc_row css=&#8221;.vc_custom_1501235547328{margin-top: 100px !important;margin-bottom: 10px !important;}&#8221;][vc_column][vc_column_text css_animation=&#8221;fadeInDown&#8221;]<\/p>\n<div class=\"title-h4\" style=\"text-align: center;\"><span class=\"light\" style=\"color: #282d3c;\">Cuevas bioclim\u00e1ticas<\/span><\/div>\n<p>[\/vc_column_text][vc_column_text css_animation=&#8221;bounceIn&#8221;]<\/p>\n<div class=\"title-h2\" style=\"text-align: center;\"><span style=\"color: #333333;\">El descanso perfecto<\/span><span style=\"color: #a23c03;\"><br \/>\n<\/span><\/div>\n<p>[\/vc_column_text][\/vc_column][\/vc_row][vc_row css=&#8221;.vc_custom_1501235893366{padding-bottom: 20px !important;}&#8221;][vc_column]<div class=\"clearboth\"><\/div><style>#thegem-divider-6a0069389f945 {margin-top: 45px !important;}<\/style><div id=\"thegem-divider-6a0069389f945\" class=\"gem-divider  \" style=\"\" ><\/div>[vc_column_text css_animation=&#8221;zoomInDown&#8221;]<\/p>\n<div class=\"title-h4\" style=\"text-align: left;\"><span class=\"light\" style=\"color: #6f462f;\"><strong>Alquiler<\/strong> de <strong>casas rurales<\/strong> para grupos en la comarca de <strong>Guadix.<\/strong><\/span><\/div>\n<p>[\/vc_column_text]<div class=\"clearboth\"><\/div><style>#thegem-divider-6a0069389fb5c {margin-top: -5px !important;}<\/style><div id=\"thegem-divider-6a0069389fb5c\" class=\"gem-divider  \" style=\"\" ><\/div>[\/vc_column][\/vc_row][vc_row css=&#8221;.vc_custom_1501156706595{padding-bottom: 80px !important;}&#8221;][vc_column width=&#8221;1\/2&#8243; css=&#8221;.vc_custom_1501153242942{padding-right: 0px !important;padding-left: 0px !important;}&#8221;][vc_column_text]<span style=\"color: #5f727f;\"><strong>Cuevas<\/strong> en la <strong>comarca de Guadix<\/strong>, con <strong>piscina<\/strong>, en la monta\u00f1a, entre las <strong>sierras de Baza<\/strong> y <strong>Sierra nevada.<\/strong> Se trata de tres casas cueva completamente independientes aunque dos de ellas pueden conectarse desde el interior. Son viviendas bioclim\u00e1ticas conservan de forma natural una temperatura agradable aunque todas tiene chimenea de le\u00f1a. El Recinto cuenta tambi\u00e9n con piscina, pista de tenis, Internet gratis y todo tipo de instalaciones a su disposici\u00f3n. El alojamiento admite alquiler para grupos numerosos ya que entre todas la cuevas tiene una capacidad de m\u00e1s de 30 personas. El Paisaje es incre\u00edblemente hermoso ya que estamos ubicados entre dos parques naturales, ideal si te gusta la nieve.<\/span>[\/vc_column_text][vc_column_text css_animation=&#8221;fadeInRight&#8221;]<\/p>\n<div class=\"title-h4\" style=\"text-align: left;\"><span class=\"light\" style=\"color: #f29766;\">\u00bfC\u00f3mo est\u00e1n construidas?<\/span><\/div>\n<p>[\/vc_column_text][vc_column_text]<span style=\"color: #5f727f;\">&#8220;Aut\u00e9nticas cuevas de paredes encaladas, en las que el paso de los a\u00f1os s\u00f3lo se percibe por la conexi\u00f3n a Internet .Alternativa a la t\u00edpica urbanizaci\u00f3n agobiante. Cada una de ellas es \u00fanica, dado que, para su construcci\u00f3n, el pico y la pala fueron los \u00fanicos materiales utilizados&#8230;&#8221;<br \/>\nEstamos situados a las afueras de la Huertezuela y a cinco minutos de Hu\u00e9neja, en el Marquesado del Zenete, comarca de Guadix y provincia de Granada. En pleno Parque Natural de Sierra Nevada.<br \/>\nCuevas el Descanso se compone de tres casas cueva, totalmente equipadas: Cocina completa, lavadora, chimenea de le\u00f1a, Internet y un jard\u00edn con piscina, pista de tenis, barbacoa&#8230;<br \/>\nEn nuestro entorno, podr\u00e1 disfrutar de un gran n\u00famero de actividades al aire libre as\u00ed como de la rica gastronom\u00eda de la zona.<\/span>[\/vc_column_text][vc_column_text css_animation=&#8221;fadeInRight&#8221;]<\/p>\n<div class=\"title-h4\" style=\"text-align: left;\"><span class=\"light\" style=\"color: #f29766;\">Un entorno natural<\/span><\/div>\n<p>[\/vc_column_text][vc_column_text]<span style=\"color: #5f727f;\">Las <strong>Cuevas el Descanso<\/strong> son viviendas bioclim\u00e1ticas, excavadas y restauradas de forma tradicional, mantienen todo el a\u00f1o una temperatura de 18 a 21 grados. La ausencia de contaminaci\u00f3n por luz as\u00ed como la altitud facilitan el disfrute de un cielo completamente estrellado por las noches.<br \/>\nUn alojamiento acogedor y sorprendente para toda la familia.<\/span>[\/vc_column_text]<div class=\"clearboth\"><\/div><style>#thegem-divider-6a0069389fb74 {margin-top: 35px !important;}<\/style><div id=\"thegem-divider-6a0069389fb74\" class=\"gem-divider  \" style=\"\" ><\/div><div class=\"gem-button-container gem-button-position-center thegem-button-6a0069389fc1f5240    \"  ><a class=\"gem-button gem-button-size-small gem-button-style-flat gem-button-text-weight-normal\" data-ll-effect=\"drop-right-without-wrap\" style=\"border-radius: 0px;background-color: #f29766;color: #ffffff;\" onmouseleave=\"this.style.backgroundColor='#f29766';this.style.color='#ffffff';\" onmouseenter=\"this.style.backgroundColor='#f25400';\" href=\"\/cuevas\" target=\"_self\">Ver Cuevas<\/a><\/div> [\/vc_column][vc_column width=&#8221;1\/2&#8243;]<div class=\"preloader save-space\"><div class=\"preloader-spin\"><\/div><\/div><div class=\"gallery-preloader-wrapper\"> <div class=\"row\" style=\"margin-top: -21px\"> <div class=\"gem-gallery-grid col-lg-12 col-md-12 col-sm-12 gallery-style-justified hover-zooming-blur loading-animation item-animation-move-up columns-2 gaps-margin \" data-hover=\"zooming-blur\"> <ul style=\"margin-left: -21px; margin-right: -21px;\" class=\"gallery-set clearfix\" data-max-row-height=\"380\"> <li style=\"padding: 21px\" class=\"gallery-item col-lg-6 col-md-6 col-sm-6 col-xs-12 item-animations-not-inited post-7952 page type-page status-publish\"> <div class=\"wrap gem-wrapbox-style-default\"> <div class=\"overlay-wrap\"> <div class=\"image-wrap \"> <picture> <source srcset=\"https:\/\/cuevasruraleseldescanso.es\/wp-content\/uploads\/2018\/10\/40932955-a0a4-4841-8163-9e53ce0e91e7-thegem-gallery-justified-2x-500.jpg 1x, https:\/\/cuevasruraleseldescanso.es\/wp-content\/uploads\/2018\/10\/40932955-a0a4-4841-8163-9e53ce0e91e7-thegem-gallery-justified.jpg 2x\" media=\"(max-width: 550px)\" sizes=\"100vw\"> <source srcset=\"https:\/\/cuevasruraleseldescanso.es\/wp-content\/uploads\/2018\/10\/40932955-a0a4-4841-8163-9e53ce0e91e7-thegem-gallery-justified-2x.jpg 1x, https:\/\/cuevasruraleseldescanso.es\/wp-content\/uploads\/2018\/10\/40932955-a0a4-4841-8163-9e53ce0e91e7-thegem-gallery-justified.jpg 2x\" media=\"(max-width: 1920px)\" sizes=\"100vw\"> <img src=\"https:\/\/cuevasruraleseldescanso.es\/wp-content\/uploads\/2018\/10\/40932955-a0a4-4841-8163-9e53ce0e91e7-thegem-gallery-justified.jpg\" width=\"660\" height=\"600\" class=\"attachment-thegem-gallery-justified\" alt=\"40932955-a0a4-4841-8163-9e53ce0e91e7\" \/> <\/picture> <\/div> <div class=\"overlay \"> <div class=\"overlay-circle\"><\/div> <a href=\"https:\/\/cuevasruraleseldescanso.es\/wp-content\/uploads\/2018\/10\/40932955-a0a4-4841-8163-9e53ce0e91e7.jpg\" class=\"gallery-item-link fancy-gallery\" data-fancybox=\"gallery-6a0069389fc7e\"> <span class=\"slide-info\"> <\/span> <\/a> <div class=\"overlay-content\"> <div class=\"overlay-content-center\"> <div class=\"overlay-content-inner\"> <a href=\"https:\/\/cuevasruraleseldescanso.es\/wp-content\/uploads\/2018\/10\/40932955-a0a4-4841-8163-9e53ce0e91e7.jpg\" class=\"icon photo \" > <\/a> <div class=\"overlay-line\"><\/div> <\/div> <\/div> <\/div> <\/div> <\/div> <\/div> <\/li> <li style=\"padding: 21px\" class=\"gallery-item col-lg-6 col-md-6 col-sm-6 col-xs-12 item-animations-not-inited post-7952 page type-page status-publish\"> <div class=\"wrap gem-wrapbox-style-default\"> <div class=\"overlay-wrap\"> <div class=\"image-wrap \"> <picture> <source srcset=\"https:\/\/cuevasruraleseldescanso.es\/wp-content\/uploads\/2018\/10\/D1-thegem-gallery-justified-2x-500.jpg 1x, https:\/\/cuevasruraleseldescanso.es\/wp-content\/uploads\/2018\/10\/D1-thegem-gallery-justified.jpg 2x\" media=\"(max-width: 550px)\" sizes=\"100vw\"> <source srcset=\"https:\/\/cuevasruraleseldescanso.es\/wp-content\/uploads\/2018\/10\/D1-thegem-gallery-justified-2x.jpg 1x, https:\/\/cuevasruraleseldescanso.es\/wp-content\/uploads\/2018\/10\/D1-thegem-gallery-justified.jpg 2x\" media=\"(max-width: 1920px)\" sizes=\"100vw\"> <img src=\"https:\/\/cuevasruraleseldescanso.es\/wp-content\/uploads\/2018\/10\/D1-thegem-gallery-justified.jpg\" width=\"660\" height=\"600\" class=\"attachment-thegem-gallery-justified\" alt=\"D1\" \/> <\/picture> <\/div> <div class=\"overlay \"> <div class=\"overlay-circle\"><\/div> <a href=\"https:\/\/cuevasruraleseldescanso.es\/wp-content\/uploads\/2018\/10\/D1.jpg\" class=\"gallery-item-link fancy-gallery\" data-fancybox=\"gallery-6a0069389fc7e\"> <span class=\"slide-info\"> <\/span> <\/a> <div class=\"overlay-content\"> <div class=\"overlay-content-center\"> <div class=\"overlay-content-inner\"> <a href=\"https:\/\/cuevasruraleseldescanso.es\/wp-content\/uploads\/2018\/10\/D1.jpg\" class=\"icon photo \" > <\/a> <div class=\"overlay-line\"><\/div> <\/div> <\/div> <\/div> <\/div> <\/div> <\/div> <\/li> <li style=\"padding: 21px\" class=\"gallery-item col-lg-6 col-md-6 col-sm-6 col-xs-12 item-animations-not-inited post-7952 page type-page status-publish\"> <div class=\"wrap gem-wrapbox-style-default\"> <div class=\"overlay-wrap\"> <div class=\"image-wrap \"> <picture> <source srcset=\"https:\/\/cuevasruraleseldescanso.es\/wp-content\/uploads\/2018\/10\/fec4379b-5ed3-4722-a88f-a9a2d8934ff0-thegem-gallery-justified-2x-500.jpg 1x, https:\/\/cuevasruraleseldescanso.es\/wp-content\/uploads\/2018\/10\/fec4379b-5ed3-4722-a88f-a9a2d8934ff0-thegem-gallery-justified.jpg 2x\" media=\"(max-width: 550px)\" sizes=\"100vw\"> <source srcset=\"https:\/\/cuevasruraleseldescanso.es\/wp-content\/uploads\/2018\/10\/fec4379b-5ed3-4722-a88f-a9a2d8934ff0-thegem-gallery-justified-2x.jpg 1x, https:\/\/cuevasruraleseldescanso.es\/wp-content\/uploads\/2018\/10\/fec4379b-5ed3-4722-a88f-a9a2d8934ff0-thegem-gallery-justified.jpg 2x\" media=\"(max-width: 1920px)\" sizes=\"100vw\"> <img src=\"https:\/\/cuevasruraleseldescanso.es\/wp-content\/uploads\/2018\/10\/fec4379b-5ed3-4722-a88f-a9a2d8934ff0-thegem-gallery-justified.jpg\" width=\"660\" height=\"600\" class=\"attachment-thegem-gallery-justified\" alt=\"fec4379b-5ed3-4722-a88f-a9a2d8934ff0\" \/> <\/picture> <\/div> <div class=\"overlay \"> <div class=\"overlay-circle\"><\/div> <a href=\"https:\/\/cuevasruraleseldescanso.es\/wp-content\/uploads\/2018\/10\/fec4379b-5ed3-4722-a88f-a9a2d8934ff0.jpg\" class=\"gallery-item-link fancy-gallery\" data-fancybox=\"gallery-6a0069389fc7e\"> <span class=\"slide-info\"> <\/span> <\/a> <div class=\"overlay-content\"> <div class=\"overlay-content-center\"> <div class=\"overlay-content-inner\"> <a href=\"https:\/\/cuevasruraleseldescanso.es\/wp-content\/uploads\/2018\/10\/fec4379b-5ed3-4722-a88f-a9a2d8934ff0.jpg\" class=\"icon photo \" > <\/a> <div class=\"overlay-line\"><\/div> <\/div> <\/div> <\/div> <\/div> <\/div> <\/div> <\/li> <li style=\"padding: 21px\" class=\"gallery-item col-lg-6 col-md-6 col-sm-6 col-xs-12 item-animations-not-inited post-7952 page type-page status-publish\"> <div class=\"wrap gem-wrapbox-style-default\"> <div class=\"overlay-wrap\"> <div class=\"image-wrap \"> <picture> <source srcset=\"https:\/\/cuevasruraleseldescanso.es\/wp-content\/uploads\/2018\/10\/Piscina-thegem-gallery-justified-2x-500.jpg 1x, https:\/\/cuevasruraleseldescanso.es\/wp-content\/uploads\/2018\/10\/Piscina-thegem-gallery-justified.jpg 2x\" media=\"(max-width: 550px)\" sizes=\"100vw\"> <source srcset=\"https:\/\/cuevasruraleseldescanso.es\/wp-content\/uploads\/2018\/10\/Piscina-thegem-gallery-justified-2x.jpg 1x, https:\/\/cuevasruraleseldescanso.es\/wp-content\/uploads\/2018\/10\/Piscina-thegem-gallery-justified.jpg 2x\" media=\"(max-width: 1920px)\" sizes=\"100vw\"> <img src=\"https:\/\/cuevasruraleseldescanso.es\/wp-content\/uploads\/2018\/10\/Piscina-thegem-gallery-justified.jpg\" width=\"660\" height=\"600\" class=\"attachment-thegem-gallery-justified\" alt=\"Piscina\" \/> <\/picture> <\/div> <div class=\"overlay \"> <div class=\"overlay-circle\"><\/div> <a href=\"https:\/\/cuevasruraleseldescanso.es\/wp-content\/uploads\/2018\/10\/Piscina.jpg\" class=\"gallery-item-link fancy-gallery\" data-fancybox=\"gallery-6a0069389fc7e\"> <span class=\"slide-info\"> <\/span> <\/a> <div class=\"overlay-content\"> <div class=\"overlay-content-center\"> <div class=\"overlay-content-inner\"> <a href=\"https:\/\/cuevasruraleseldescanso.es\/wp-content\/uploads\/2018\/10\/Piscina.jpg\" class=\"icon photo \" > <\/a> <div class=\"overlay-line\"><\/div> <\/div> <\/div> <\/div> <\/div> <\/div> <\/div> <\/li> <li style=\"padding: 21px\" class=\"gallery-item col-lg-6 col-md-6 col-sm-6 col-xs-12 item-animations-not-inited post-7952 page type-page status-publish\"> <div class=\"wrap gem-wrapbox-style-default\"> <div class=\"overlay-wrap\"> <div class=\"image-wrap \"> <picture> <source srcset=\"https:\/\/cuevasruraleseldescanso.es\/wp-content\/uploads\/2018\/10\/80e89450-ad3b-4b97-b11d-16aec912d407-thegem-gallery-justified-2x-500.jpg 1x, https:\/\/cuevasruraleseldescanso.es\/wp-content\/uploads\/2018\/10\/80e89450-ad3b-4b97-b11d-16aec912d407-thegem-gallery-justified.jpg 2x\" media=\"(max-width: 550px)\" sizes=\"100vw\"> <source srcset=\"https:\/\/cuevasruraleseldescanso.es\/wp-content\/uploads\/2018\/10\/80e89450-ad3b-4b97-b11d-16aec912d407-thegem-gallery-justified-2x.jpg 1x, https:\/\/cuevasruraleseldescanso.es\/wp-content\/uploads\/2018\/10\/80e89450-ad3b-4b97-b11d-16aec912d407-thegem-gallery-justified.jpg 2x\" media=\"(max-width: 1920px)\" sizes=\"100vw\"> <img src=\"https:\/\/cuevasruraleseldescanso.es\/wp-content\/uploads\/2018\/10\/80e89450-ad3b-4b97-b11d-16aec912d407-thegem-gallery-justified.jpg\" width=\"660\" height=\"600\" class=\"attachment-thegem-gallery-justified\" alt=\"80e89450-ad3b-4b97-b11d-16aec912d407\" \/> <\/picture> <\/div> <div class=\"overlay \"> <div class=\"overlay-circle\"><\/div> <a href=\"https:\/\/cuevasruraleseldescanso.es\/wp-content\/uploads\/2018\/10\/80e89450-ad3b-4b97-b11d-16aec912d407.jpg\" class=\"gallery-item-link fancy-gallery\" data-fancybox=\"gallery-6a0069389fc7e\"> <span class=\"slide-info\"> <\/span> <\/a> <div class=\"overlay-content\"> <div class=\"overlay-content-center\"> <div class=\"overlay-content-inner\"> <a href=\"https:\/\/cuevasruraleseldescanso.es\/wp-content\/uploads\/2018\/10\/80e89450-ad3b-4b97-b11d-16aec912d407.jpg\" class=\"icon photo \" > <\/a> <div class=\"overlay-line\"><\/div> <\/div> <\/div> <\/div> <\/div> <\/div> <\/div> <\/li> <li style=\"padding: 21px\" class=\"gallery-item col-lg-6 col-md-6 col-sm-6 col-xs-12 item-animations-not-inited post-7952 page type-page status-publish\"> <div class=\"wrap gem-wrapbox-style-default\"> <div class=\"overlay-wrap\"> <div class=\"image-wrap \"> <picture> <source srcset=\"https:\/\/cuevasruraleseldescanso.es\/wp-content\/uploads\/2018\/10\/8678a01f-02fb-4bc0-9873-d42e306489ff-thegem-gallery-justified-2x-500.jpg 1x, https:\/\/cuevasruraleseldescanso.es\/wp-content\/uploads\/2018\/10\/8678a01f-02fb-4bc0-9873-d42e306489ff-thegem-gallery-justified.jpg 2x\" media=\"(max-width: 550px)\" sizes=\"100vw\"> <source srcset=\"https:\/\/cuevasruraleseldescanso.es\/wp-content\/uploads\/2018\/10\/8678a01f-02fb-4bc0-9873-d42e306489ff-thegem-gallery-justified-2x.jpg 1x, https:\/\/cuevasruraleseldescanso.es\/wp-content\/uploads\/2018\/10\/8678a01f-02fb-4bc0-9873-d42e306489ff-thegem-gallery-justified.jpg 2x\" media=\"(max-width: 1920px)\" sizes=\"100vw\"> <img src=\"https:\/\/cuevasruraleseldescanso.es\/wp-content\/uploads\/2018\/10\/8678a01f-02fb-4bc0-9873-d42e306489ff-thegem-gallery-justified.jpg\" width=\"660\" height=\"600\" class=\"attachment-thegem-gallery-justified\" alt=\"8678a01f-02fb-4bc0-9873-d42e306489ff\" \/> <\/picture> <\/div> <div class=\"overlay \"> <div class=\"overlay-circle\"><\/div> <a href=\"https:\/\/cuevasruraleseldescanso.es\/wp-content\/uploads\/2018\/10\/8678a01f-02fb-4bc0-9873-d42e306489ff.jpg\" class=\"gallery-item-link fancy-gallery\" data-fancybox=\"gallery-6a0069389fc7e\"> <span class=\"slide-info\"> <\/span> <\/a> <div class=\"overlay-content\"> <div class=\"overlay-content-center\"> <div class=\"overlay-content-inner\"> <a href=\"https:\/\/cuevasruraleseldescanso.es\/wp-content\/uploads\/2018\/10\/8678a01f-02fb-4bc0-9873-d42e306489ff.jpg\" class=\"icon photo \" > <\/a> <div class=\"overlay-line\"><\/div> <\/div> <\/div> <\/div> <\/div> <\/div> <\/div> <\/li> <\/ul> <\/div> <\/div> <\/div>[\/vc_column][\/vc_row]<\/p>\n<\/section>","protected":false},"excerpt":{"rendered":"<p>[vc_row css=&#8221;.vc_custom_1501235547328{margin-top: 100px !important;margin-bottom: 10px !important;}&#8221;][vc_column][vc_column_text css_animation=&#8221;fadeInDown&#8221;] Cuevas bioclim\u00e1ticas [\/vc_column_text][vc_column_text css_animation=&#8221;bounceIn&#8221;] El descanso perfecto [\/vc_column_text][\/vc_column][\/vc_row][vc_row css=&#8221;.vc_custom_1501235893366{padding-bottom: 20px !important;}&#8221;][vc_column][vc_column_text css_animation=&#8221;zoomInDown&#8221;] Alquiler&#8230;<\/p>\n","protected":false},"author":1,"featured_media":0,"parent":0,"menu_order":0,"comment_status":"closed","ping_status":"closed","template":"","meta":[],"_links":{"self":[{"href":"https:\/\/cuevasruraleseldescanso.es\/index.php?rest_route=\/wp\/v2\/pages\/7952"}],"collection":[{"href":"https:\/\/cuevasruraleseldescanso.es\/index.php?rest_route=\/wp\/v2\/pages"}],"about":[{"href":"https:\/\/cuevasruraleseldescanso.es\/index.php?rest_route=\/wp\/v2\/types\/page"}],"author":[{"embeddable":true,"href":"https:\/\/cuevasruraleseldescanso.es\/index.php?rest_route=\/wp\/v2\/users\/1"}],"replies":[{"embeddable":true,"href":"https:\/\/cuevasruraleseldescanso.es\/index.php?rest_route=%2Fwp%2Fv2%2Fcomments&post=7952"}],"version-history":[{"count":4,"href":"https:\/\/cuevasruraleseldescanso.es\/index.php?rest_route=\/wp\/v2\/pages\/7952\/revisions"}],"predecessor-version":[{"id":28996,"href":"https:\/\/cuevasruraleseldescanso.es\/index.php?rest_route=\/wp\/v2\/pages\/7952\/revisions\/28996"}],"wp:attachment":[{"href":"https:\/\/cuevasruraleseldescanso.es\/index.php?rest_route=%2Fwp%2Fv2%2Fmedia&parent=7952"}],"curies":[{"name":"wp","href":"https:\/\/api.w.org\/{rel}","templated":true}]}}